{"id":2,"date":"2021-08-28T16:53:31","date_gmt":"2021-08-28T14:53:31","guid":{"rendered":"http:\/\/mxifdbc.cluster031.hosting.ovh.net\/?page_id=2"},"modified":"2023-08-19T15:48:10","modified_gmt":"2023-08-19T13:48:10","slug":"page-d-exemple","status":"publish","type":"page","link":"http:\/\/eviedanse-pelissanne.fr\/index.php\/page-d-exemple\/","title":{"rendered":"Pr\u00e9sentation"},"content":{"rendered":"\n<div class=\"wp-block-media-text alignwide is-stacked-on-mobile\"><figure class=\"wp-block-media-text__media\"><img loading=\"lazy\" width=\"683\" height=\"1024\" src=\"http:\/\/mxifdbc.cluster031.hosting.ovh.net\/wp-content\/uploads\/2021\/08\/Shooting-Celine-Gatt-56-sur-70-683x1024.jpg\" alt=\"\" class=\"wp-image-75 size-full\" srcset=\"http:\/\/eviedanse-pelissanne.fr\/wp-content\/uploads\/2021\/08\/Shooting-Celine-Gatt-56-sur-70-683x1024.jpg 683w, http:\/\/eviedanse-pelissanne.fr\/wp-content\/uploads\/2021\/08\/Shooting-Celine-Gatt-56-sur-70-200x300.jpg 200w, http:\/\/eviedanse-pelissanne.fr\/wp-content\/uploads\/2021\/08\/Shooting-Celine-Gatt-56-sur-70-768x1152.jpg 768w, http:\/\/eviedanse-pelissanne.fr\/wp-content\/uploads\/2021\/08\/Shooting-Celine-Gatt-56-sur-70-1024x1536.jpg 1024w, http:\/\/eviedanse-pelissanne.fr\/wp-content\/uploads\/2021\/08\/Shooting-Celine-Gatt-56-sur-70-1365x2048.jpg 1365w, http:\/\/eviedanse-pelissanne.fr\/wp-content\/uploads\/2021\/08\/Shooting-Celine-Gatt-56-sur-70-scaled.jpg 1707w\" sizes=\"(max-width: 683px) 100vw, 683px\" \/><\/figure><div class=\"wp-block-media-text__content\">\n<p>C\u00e9line Gatt est chor\u00e9graphe et professeur dipl\u00f4m\u00e9e d&rsquo;\u00e9tat de danse en 2004. Elle dirige son propre atelier et dispense depuis 21 ans des cours de danse \u00e0 un public de tous les \u00e2ges et de tous les niveaux. Anim\u00e9e par la p\u00e9dagogie et persuad\u00e9e que l\u2019apprentissage, pour les enfants comme pour les adultes, doit se faire dans le plaisir, C\u00e9line \u0153uvre activement pour une p\u00e9dagogie bas\u00e9e sur la communication positive, le non-jugement, la bienveillance, et sur le plaisir de travailler et de progresser dans le respect de soi-m\u00eame.<\/p>\n\n\n\n<p>Elle pratique une danse souple, pr\u00e9cise, puissante et expressive, issue de diff\u00e9rentes techniques et de son parcoure. Charg\u00e9e de l&rsquo;enseignement de la danse, elle exerce un m\u00e9tier dont les composantes p\u00e9dagogiques, \u00e9ducatives et artistiques sont fondamentales. Cela implique tout d&rsquo;abord une envie forte de partager et de transmettre sa passion pour la danse. Elle accompagne ses \u00e9l\u00e8ves dans l&rsquo;acquisition d&rsquo;un langage gestuel et artistique dont l&rsquo;acquisition permet peu \u00e0 peu d&rsquo;aller vers l&rsquo;expression personnelle, l\u2019interpr\u00e9tation et la cr\u00e9ation artistique. Enseigner la danse, c&rsquo;est accompagner ses \u00e9l\u00e8ves dans leur construction corporelle, sensible et cr\u00e9ative. Il s&rsquo;agit donc d&rsquo;un vrai m\u00e9tier qui n\u00e9cessite une solide formation, des comp\u00e9tences techniques, p\u00e9dagogiques, artistiques et des qualit\u00e9s humaines. Comme tous les m\u00e9tiers li\u00e9s \u00e0 l&rsquo;\u00e9ducation, il est difficile mais aussi riche et passionnant.<\/p>\n\n\n\n<p><\/p>\n<\/div><\/div>\n\n\n\n<div class=\"wp-block-media-text alignwide has-media-on-the-right is-stacked-on-mobile\"><figure class=\"wp-block-media-text__media\"><img loading=\"lazy\" width=\"250\" height=\"250\" src=\"http:\/\/mxifdbc.cluster031.hosting.ovh.net\/wp-content\/uploads\/2021\/08\/cropped-ATL-31-1.jpg\" alt=\"\" class=\"wp-image-18 size-full\" srcset=\"http:\/\/eviedanse-pelissanne.fr\/wp-content\/uploads\/2021\/08\/cropped-ATL-31-1.jpg 250w, http:\/\/eviedanse-pelissanne.fr\/wp-content\/uploads\/2021\/08\/cropped-ATL-31-1-150x150.jpg 150w, http:\/\/eviedanse-pelissanne.fr\/wp-content\/uploads\/2021\/08\/cropped-ATL-31-1-100x100.jpg 100w\" sizes=\"(max-width: 250px) 100vw, 250px\" \/><\/figure><div class=\"wp-block-media-text__content\">\n<p>Se formant \u00e0 la danse jazz notamment \u00e0 la m\u00e9thode Matt Mattox, suivant de pr\u00e8s des professeurs de renomm\u00e9s, notamment Alain Gruttadauria en moderne o\u00f9 elle s&rsquo;inspire pour y trouver son style. Puis \u00e0 la danse contemporaine, hip-hop mais aussi s&rsquo;essayant par soif de connaissances aux danses latines et au flamenco. Elle s&rsquo;initie \u00e0 la barre au sol, au yoga et \u00e0 la m\u00e9ditation depuis quelques ann\u00e9es. Tout en proposant une approche tr\u00e8s personnelle, intuitive exigeante et pr\u00e9cise dans l&rsquo;alignement des postures et du placement. Elle s\u2019int\u00e9resse \u00e9galement de tr\u00e8s pr\u00e8s \u00e0 la m\u00e9ditation et aux technique \u00e9nerg\u00e9tiques, pour les bienfaits que ces pratiques apportent \u00e0 chacun au quotidien<\/p>\n<\/div><\/div>\n\n\n\n<p><strong>LE MOT DU PROFESSEUR :<\/strong><\/p>\n\n\n\n<figure class=\"wp-block-image size-full\"><img loading=\"lazy\" width=\"240\" height=\"320\" src=\"http:\/\/eviedanse-pelissanne.fr\/wp-content\/uploads\/2022\/08\/Photo-Celine.jpg\" alt=\"\" class=\"wp-image-340\" srcset=\"http:\/\/eviedanse-pelissanne.fr\/wp-content\/uploads\/2022\/08\/Photo-Celine.jpg 240w, http:\/\/eviedanse-pelissanne.fr\/wp-content\/uploads\/2022\/08\/Photo-Celine-225x300.jpg 225w\" sizes=\"(max-width: 240px) 100vw, 240px\" \/><\/figure>\n\n\n\n<p>Pour moi la Vie est Plaisir, est Bonheur et en prendre soin est une \u00c9vidence. D&rsquo;une famille de danseurs et de<br>musiciens amateurs, mise en avant sur les pistes d\u00e8s mon plus jeune \u00e2ge, me tourner vers la Danse \u00e9tait<br>pour moi une Vocation inn\u00e9e. Elle est devenue mon Objectif, ma Mouvance, ma D\u00e9termination au quotidien<br>et j&rsquo;ai souhait\u00e9 la D\u00e9couvrir, l&rsquo;Apprivoiser, la Partager. Apr\u00e8s un long parcours d&rsquo;Exp\u00e9riences et de<br>Recherches, voil\u00e0 20 ans que je la transmets dans l&rsquo;ombre de mes \u00e9l\u00e8ves. J&rsquo;Enseigne aujourd&rsquo;hui avec<br>Recul, Clairvoyance, Joie et Bienveillance. Mes capacit\u00e9s d&rsquo;\u00c9coute, d&rsquo;Attention et de Sensibilit\u00e9 me<br>permettent de percevoir la globalit\u00e9 d\u2019une personne.<br>C&rsquo;est en me connectant aux \u00c9nergies des corps physiques et en m&rsquo;isolant dans une Sph\u00e8re qui met propre,<br>que je propose des cours avec un programme appropri\u00e9 \u00e0 chaque niveaux afin de r\u00e9tablir l&rsquo;\u00c9quilibre,<br>l\u2019Harmonie, le Bien \u00catre \u00e0 chacun.<br>Chor\u00e9graphe et professeur dipl\u00f4m\u00e9e d&rsquo;\u00e9tat de danse en 2004. Je dirige mes propres ateliers et dispense<br>depuis 20 ans des cours de danse \u00e0 un public de tous les \u00e2ges et de tous les niveaux. Anim\u00e9e par la<br>p\u00e9dagogie et persuad\u00e9e que l&rsquo;Apprentissage , pour les enfants comme pour les adultes, doit se faire dans le<br>Plaisir, j&rsquo;\u0153uvre activement pour une P\u00e9dagogie bas\u00e9e sur la Communication Positive, le Non-Jugement, la<br>Bienveillance, et sur le plaisir de travailler et de progresser dans le respect de Soi-M\u00eame.<br>Comme tous les m\u00e9tiers li\u00e9s \u00e0 l&rsquo;\u00e9ducation, il est difficile mais aussi riche et passionnant. Se formant \u00e0 la<br>danse Jazz notamment \u00e0 la m\u00e9thode Matt Mattox, suivant de pr\u00e8s des professeurs de renomm\u00e9s, notamment<\/p>\n\n\n\n<p>Alain Gruttadauria en moderne o\u00f9 elle s&rsquo;inspire pour y trouver son style. Puis \u00e0 la danse contemporaine, hip-<br>hop mais aussi s&rsquo;essayant par soif de connaissances \u00e0 diff\u00e9rent style de danse solo. Elle s&rsquo;initie \u00e0 la barre au<\/p>\n\n\n\n<p>sol, au yoga et \u00e0 la m\u00e9ditation depuis quelques ann\u00e9es. Tout en proposant une approche tr\u00e8s personnelle,<br>intuitive, exigeante et pr\u00e9cise dans l&rsquo;alignement des postures et du placement. Elle s\u2019int\u00e9resse \u00e9galement de<br>tr\u00e8s pr\u00e8s \u00e0 la m\u00e9ditation et aux techniques \u00e9nerg\u00e9tiques, pour le bienfaits que ces pratiques apportent \u00e0<br>chacun au quotidien.<br>Je me fais une joie de voir les r\u00e9sultats, les personnes se Lib\u00e9rer et prendre du Plaisir. Mon Ambition est de<br>vous aider \u00e0 mieux vous Conna\u00eetre, \u00e0 Accepter, \u00e0 vous \u00c9panouir et \u00e0 valoriser votre Temp\u00e9rament, vos<br>Possibilit\u00e9s, votre \u00c9veil corporel. Pour plus de Bonheur et de S\u00e9r\u00e9nit\u00e9 avec vous-m\u00eame et avec les autres. Je<br>suis Moi avec mes Exp\u00e9riences et mes Connaissances et je suis juste L\u00e0 pour vous Accompagner.<\/p>\n","protected":false},"excerpt":{"rendered":"<p>C\u00e9line Gatt est chor\u00e9graphe et professeur dipl\u00f4m\u00e9e d&rsquo;\u00e9tat de danse en 2004. Elle dirige son propre atelier et dispense depuis 21 ans des cours de danse \u00e0 un public de tous les \u00e2ges et de tous les niveaux. Anim\u00e9e par la p\u00e9dagogie et persuad\u00e9e que l\u2019apprentissage, pour les enfants comme pour les adultes, doit se [&hellip;]<\/p>\n","protected":false},"author":1,"featured_media":0,"parent":0,"menu_order":0,"comment_status":"closed","ping_status":"open","template":"","meta":[],"_links":{"self":[{"href":"http:\/\/eviedanse-pelissanne.fr\/index.php\/wp-json\/wp\/v2\/pages\/2"}],"collection":[{"href":"http:\/\/eviedanse-pelissanne.fr\/index.php\/wp-json\/wp\/v2\/pages"}],"about":[{"href":"http:\/\/eviedanse-pelissanne.fr\/index.php\/wp-json\/wp\/v2\/types\/page"}],"author":[{"embeddable":true,"href":"http:\/\/eviedanse-pelissanne.fr\/index.php\/wp-json\/wp\/v2\/users\/1"}],"replies":[{"embeddable":true,"href":"http:\/\/eviedanse-pelissanne.fr\/index.php\/wp-json\/wp\/v2\/comments?post=2"}],"version-history":[{"count":9,"href":"http:\/\/eviedanse-pelissanne.fr\/index.php\/wp-json\/wp\/v2\/pages\/2\/revisions"}],"predecessor-version":[{"id":488,"href":"http:\/\/eviedanse-pelissanne.fr\/index.php\/wp-json\/wp\/v2\/pages\/2\/revisions\/488"}],"wp:attachment":[{"href":"http:\/\/eviedanse-pelissanne.fr\/index.php\/wp-json\/wp\/v2\/media?parent=2"}],"curies":[{"name":"wp","href":"https:\/\/api.w.org\/{rel}","templated":true}]}}