{"id":36,"date":"2021-08-28T18:20:32","date_gmt":"2021-08-28T16:20:32","guid":{"rendered":"https:\/\/mxifdbc.cluster031.hosting.ovh.net\/?page_id=36"},"modified":"2025-09-26T08:00:46","modified_gmt":"2025-09-26T06:00:46","slug":"planning-2021","status":"publish","type":"page","link":"http:\/\/eviedanse-pelissanne.fr\/index.php\/planning-2021\/","title":{"rendered":"Inscription &#038; planning 2025\/2026"},"content":{"rendered":"\n<p>Cliquez pour retrouver vos documents<\/p>\n\n\n\n<div class=\"wp-block-file\"><a href=\"https:\/\/eviedanse-pelissanne.fr\/wp-content\/uploads\/2021\/09\/Article-Annexe-II-23-art.-A231-3-Code-du-sport-Legifrance.pdf\" target=\"_blank\" rel=\"noreferrer noopener\">Questionnaire de sant\u00e9 mineur<\/a><\/div>\n\n\n\n<div class=\"wp-block-file\"><a href=\"http:\/\/eviedanse-pelissanne.fr\/wp-content\/uploads\/2025\/08\/Questionnaire-sante-2025-majeur-1.pdf\" target=\"_blank\" rel=\"noreferrer noopener\">Questionnaire-sante-2025-majeur-1<\/a><a href=\"http:\/\/eviedanse-pelissanne.fr\/wp-content\/uploads\/2025\/08\/Questionnaire-sante-2025-majeur-1.pdf\" class=\"wp-block-file__button\" download><\/a><\/div>\n\n\n\n<div class=\"wp-block-file\"><a href=\"http:\/\/eviedanse-pelissanne.fr\/wp-content\/uploads\/2025\/08\/Fiche-inscription-2025.pdf\" target=\"_blank\" rel=\"noreferrer noopener\">Fiche-inscription-2025<\/a><\/div>\n\n\n\n<div class=\"wp-block-file\"><a href=\"http:\/\/eviedanse-pelissanne.fr\/wp-content\/uploads\/2024\/08\/Reglement-interieur.pdf\" target=\"_blank\" rel=\"noreferrer noopener\">Reglement-interieur<\/a><\/div>\n\n\n\n<div class=\"wp-block-file\"><\/div>\n\n\n\n<p class=\"has-vivid-red-color has-text-color\" style=\"font-size:24px\"><strong>PLANNING<\/strong><\/p>\n\n\n\n<h3><strong>LUNDI \u00e0 SALON BEL- AIR<\/strong><\/h3>\n\n\n\n<p>15h15 \u00e0 16h15 BIEN-\u00caTRE \u00a0\u00bb Cours 2 en 1 \u00a0\u00bb\u00a0 Ados &#8211; Adultes<\/p>\n\n\n\n<p>16h50 \u00e0 17h40 DANSE 5-8 ans<\/p>\n\n\n\n<p><\/p>\n\n\n\n<p><strong>MARDI<\/strong>&nbsp;au CENTRE DE KIN\u00c9 PELISSANNE &#8211; 480 av- des Raplaous<\/p>\n\n\n\n<p>S\u00e9ances privatives limit\u00e9es \u00e0 6 personnes. Et maintenues entre 4 et 6 participants.<\/p>\n\n\n\n<p>de 18h30 \u00e0 19h30 :\u00a0\u201cFLOW\u2019 TONIC\u201d et de 19h30 \u00e0 20h30 : \u00a0\u00bb ZEN STRECH&rsquo; \u00ab\u00a0<\/p>\n\n\n\n<p><\/p>\n\n\n\n<h3><strong>MERCREDI au COMPLEXE G-L-J PELISSANNE<\/strong><\/h3>\n\n\n\n<p>09h15 \u00e0 10h15 COURS PARTICULIER ou WEDDING DANCE<\/p>\n\n\n\n<p>10h15 \u00e0 11h00\u00a0 DANSE 3-4 ans ( 2 \u00bd ans selon \u00e9veil)<\/p>\n\n\n\n<p>11h00 \u00e0 11h45&nbsp; DANSE&nbsp; 4-5 ans<\/p>\n\n\n\n<p>12h15 \u00e0 13h15 COURS PARTICULIER ou WEDDING DANCE<\/p>\n\n\n\n<p>14h00 \u00e0 14h45\u00a0 DANSE\u00a0 7-8 ans<\/p>\n\n\n\n<p>15h00 \u00e0 15h45\u00a0 DANSE\u00a0 5-6 ans<\/p>\n\n\n\n<p>16h45 \u00e0 17h45 M&rsquo;JAZZ\/AT-CONTEMPORAIN\u00a0 9-12ans *<\/p>\n\n\n\n<p><em>* seconder par Nina, danseuse contemporaine<\/em><\/p>\n\n\n\n<p>18h45 \u00e0 19h45 BIEN-\u00caTRE&nbsp;&nbsp;\u00ab\u00a0Flow&rsquo; Tonic\u00a0\u00bb&nbsp;Ados &#8211; Adultes<\/p>\n\n\n\n<p>19h45 \u00e0 20h45 BIEN-\u00caTRE&nbsp;\u00a0\u00bb Zen Strech&rsquo; \u00a0\u00bb&nbsp;Ados &#8211; Adultes<\/p>\n\n\n\n<p>21h00 \u00e0 22h00 COURS PARTICULIER ou WEDDING DANCE<\/p>\n\n\n\n<h3><strong>JEUDI&nbsp;<\/strong><strong>au COMPLEXE G-L-J PELISSANNE<\/strong><\/h3>\n\n\n\n<p>17h30 \u00e0 18h30 MODERN pr\u00e9 ado + atelier performance cours particulier<\/p>\n\n\n\n<p>19h00 \u00e0 20h00\u00a0 MODERN&rsquo; JAZZ \u00ab\u00a0style LYRIC\u00a0\u00bb\u00a0 Ados\u00a0&#8211; Adultes<\/p>\n\n\n\n<p>20h00 \u00e0 21h00&nbsp; MODERN&rsquo; CABARET&nbsp;&nbsp;Adultes<\/p>\n\n\n\n<h3><strong>VENDREDI&nbsp;<\/strong><strong>\u00e0 SALON BEL- AIR<\/strong><\/h3>\n\n\n\n<p>09h15 \u00e0 10h15 BIEN-\u00caTRE\u00a0\u00a0\u00bb Cours 2 en 1&Prime;Ados &#8211; Adultes<\/p>\n\n\n\n<p><\/p>\n\n\n\n<h3><strong>SAMEDI&nbsp;au COMPLEXE G-L-J PELISSANNE<\/strong><\/h3>\n\n\n\n<p>09h15 \u00e0 10h15 BIEN-\u00caTRE&nbsp;\u00a0\u00bb Zen Strech&rsquo; \u00a0\u00bb&nbsp;Ados &#8211; Adultes<\/p>\n\n\n\n<p>10h15 \u00e0 11h15 BIEN-\u00caTRE&nbsp;\u00ab\u00a0Flow&rsquo; Tonic\u00a0\u00bb&nbsp;&nbsp;Ados &#8211; Adultes<\/p>\n\n\n\n<p>11h30 \u00e0 12h30&nbsp; M\/AT-CONTEMPORAIN&nbsp;&nbsp;+14 ans&nbsp;&#8211; Adultes<\/p>\n\n\n\n<p>12h30 \u00e0 13h30&nbsp; M\/AT-CONTEMPORAIN&nbsp; Ados &#8211; Adultes NvAv<\/p>\n\n\n\n<p><em>Planning pr\u00e9visionnel rentr\u00e9e 2025, susceptible de modification.<\/em><\/p>\n\n\n\n<p><em>L&#8217;emploi du temps sera d\u00e9finitif apr\u00e8s les semaines de portes ouvertes et de cours d&rsquo;essais.<\/em><\/p>\n\n\n\n<p><em>Des cours peuvent \u00eatre supprim\u00e9s ou regroup\u00e9s en fonction du nombre d&rsquo;adh\u00e9rents dans les cours.<\/em><\/p>\n\n\n\n<p><\/p>\n\n\n\n<p><\/p>\n\n\n\n<p class=\"has-vivid-red-color has-text-color\" style=\"font-size:24px\"><strong>TARIF ANNUELLE<\/strong><\/p>\n\n\n\n<p>&nbsp;<strong>COURS DE DANSE<\/strong><\/p>\n\n\n\n<p>\u25b9&nbsp;45mn (de 3 \u00e0 8 ans) : 180\u20ac (ou 90\u20ac x 2) \/ an<\/p>\n\n\n\n<p>\u25b9&nbsp;1h (d\u00e8s 9 ans \u2013 ados \u2013 adultes) : 226\u20ac (ou 113\u20ac x 2) \/ an<\/p>\n\n\n\n<p>\u25b9&nbsp;2\u00e8me cours -30%<\/p>\n\n\n\n<p><strong>+ COSTUME<\/strong>&nbsp;spectacle de fin d&rsquo;ann\u00e9e : un : 28\u20ac \/ deux : 50\u20ac<\/p>\n\n\n\n<p>(Paiement en ch\u00e8que uniquement \u00e0 l\u2019ordre de \u00ab\u00a0<strong>\u00c9 vie Danse\u00a0\u00bb<\/strong><\/p>\n\n\n\n<p><strong>WEDDING DANCE<\/strong><\/p>\n\n\n\n<p>\u25b9&nbsp;1 cours (1h) : 55\u20ac \/ 5 cours : 250\u20ac \/ 10 cours : 490\u20ac<\/p>\n\n\n\n<p><strong>COURS PARTICULIERS DANSE OU BIEN-\u00caTRE<\/strong><\/p>\n\n\n\n<p>\u25b9&nbsp;1 cours (1h) : 20 \u20ac&nbsp; \/ 5 cours 90 \u20ac \/ 10 cours 190 \u20ac<\/p>\n\n\n\n<p><strong>COURS BIEN-\u00caTRE&nbsp; P\u00c9LISSANNE et SALON DE PCE<\/strong><\/p>\n\n\n\n<p>\u25b9&nbsp;1 cours (1h) : 170\u20ac (ou 85\u20ac x 2) \/ an<\/p>\n\n\n\n<p>\u25b9&nbsp;2\u00e8me cours -30%<\/p>\n\n\n\n<p><strong>TARIF Seniors<\/strong><\/p>\n\n\n\n<p>\u25b9&nbsp;150\u20ac (ou 75\u20ac x 2) \/ an&nbsp;<em>Tarifs pr\u00e9f\u00e9rentiels sur pr\u00e9sentation d&rsquo;une attestation de retraite.<\/em><\/p>\n\n\n\n<p><strong>BIEN-\u00caTRE au centre de kin\u00e9 les mardis.<\/strong><\/p>\n\n\n\n<p>S\u00e9ances privatives limit\u00e9es \u00e0 6 personnes. Et maintenues entre 4 et 6 participants.<\/p>\n\n\n\n<p>\u25b9 cours (1h)&nbsp;: 4 s\u00e9ances&nbsp;: 24\u20ac* \/ 10 s\u00e9ances&nbsp;: 54\u20ac*<\/p>\n\n\n\n<p>\u25b9 2\u00e8me cours -30%<\/p>\n\n\n\n<p><em>*Forfait valable jusqu&rsquo;au 31 d\u00e9cembre 2025 et renouvelable en cours d&rsquo;ann\u00e9e.<\/em><\/p>\n\n\n\n<p><strong>MODALIT\u00c9S<\/strong><\/p>\n\n\n\n<p><strong>ADH\u00c9SION nominative sur les inscriptions annuelles :<\/strong><\/p>\n\n\n\n<p>\u25b9 \u00c9 VIE DANSE&nbsp;&nbsp;PELISSANNE<\/p>\n\n\n\n<p>Ch\u00e8que (uniquement) de 15\u20ac \u00e0 l&rsquo;ordre de&nbsp;<strong>\u00ab\u00a0\u00c9 Vie Danse\u00a0\u00bb<\/strong><\/p>\n\n\n\n<p>\u25b9 ATELIER DANSE &amp; BIEN-\u00caTRE&nbsp; SALON<\/p>\n\n\n\n<p>Ch\u00e8que (uniquement) de 15\u20ac \u00e0 l&rsquo;ordre de&nbsp;<strong>\u00ab\u00a0Atelier Danse et Bien-\u00eatre\u00a0\u00bb<\/strong><\/p>\n\n\n\n<p><strong>COTISATION annuelle :<\/strong><\/p>\n\n\n\n<p>\u25b9&nbsp;Esp\u00e8ce (dans sa totalit\u00e9 \u00e0 l&rsquo;inscription )<\/p>\n\n\n\n<p>\u25b9&nbsp;Ch\u00e8que&nbsp;(2 encaissements possible sur les 2 mois cons\u00e9cutifs \u2013<\/p>\n\n\n\n<p>non dat\u00e9s ult\u00e9rieurement)<\/p>\n\n\n\n<p><strong>REMISES (sur le total apr\u00e8s abattement)&nbsp;:<\/strong><\/p>\n\n\n\n<p>\u25b9 &#8211; 12\u20ac pour le 2\u00e8me adh\u00e9rent du m\u00eame foyer<\/p>\n\n\n\n<p>\u25b9 &#8211; 12\u20ac pour une deuxi\u00e8me activit\u00e9 (Ex : Danse + Bien-\u00eatre)<\/p>\n\n\n\n<p>\u25b9 &#8211; 15\u20ac de remise fid\u00e9lit\u00e9 ( renouvellement ann\u00e9e ant- 2024-2025)<\/p>\n","protected":false},"excerpt":{"rendered":"<p>Cliquez pour retrouver vos documents PLANNING LUNDI \u00e0 SALON BEL- AIR 15h15 \u00e0 16h15 BIEN-\u00caTRE \u00a0\u00bb Cours 2 en 1 \u00a0\u00bb\u00a0 Ados &#8211; Adultes 16h50 \u00e0 17h40 DANSE 5-8 ans MARDI&nbsp;au CENTRE DE KIN\u00c9 PELISSANNE &#8211; 480 av- des Raplaous S\u00e9ances privatives limit\u00e9es \u00e0 6 personnes. Et maintenues entre 4 et 6 participants. de 18h30 [&hellip;]<\/p>\n","protected":false},"author":1,"featured_media":0,"parent":0,"menu_order":0,"comment_status":"closed","ping_status":"closed","template":"","meta":[],"_links":{"self":[{"href":"http:\/\/eviedanse-pelissanne.fr\/index.php\/wp-json\/wp\/v2\/pages\/36"}],"collection":[{"href":"http:\/\/eviedanse-pelissanne.fr\/index.php\/wp-json\/wp\/v2\/pages"}],"about":[{"href":"http:\/\/eviedanse-pelissanne.fr\/index.php\/wp-json\/wp\/v2\/types\/page"}],"author":[{"embeddable":true,"href":"http:\/\/eviedanse-pelissanne.fr\/index.php\/wp-json\/wp\/v2\/users\/1"}],"replies":[{"embeddable":true,"href":"http:\/\/eviedanse-pelissanne.fr\/index.php\/wp-json\/wp\/v2\/comments?post=36"}],"version-history":[{"count":49,"href":"http:\/\/eviedanse-pelissanne.fr\/index.php\/wp-json\/wp\/v2\/pages\/36\/revisions"}],"predecessor-version":[{"id":749,"href":"http:\/\/eviedanse-pelissanne.fr\/index.php\/wp-json\/wp\/v2\/pages\/36\/revisions\/749"}],"wp:attachment":[{"href":"http:\/\/eviedanse-pelissanne.fr\/index.php\/wp-json\/wp\/v2\/media?parent=36"}],"curies":[{"name":"wp","href":"https:\/\/api.w.org\/{rel}","templated":true}]}}