{"id":731,"date":"2025-08-15T18:30:08","date_gmt":"2025-08-15T16:30:08","guid":{"rendered":"http:\/\/eviedanse-pelissanne.fr\/?page_id=731"},"modified":"2025-08-15T18:30:08","modified_gmt":"2025-08-15T16:30:08","slug":"wedding-dance-cours-particulier","status":"publish","type":"page","link":"http:\/\/eviedanse-pelissanne.fr\/index.php\/wedding-dance-cours-particulier\/","title":{"rendered":"WEDDING DANCE-COURS PARTICULIER"},"content":{"rendered":"\n<p class=\"has-luminous-vivid-amber-color has-text-color\" style=\"font-size:24px\"><strong>WEDDING DANCE<\/strong><\/p>\n\n\n\n<div class=\"wp-block-media-text alignwide is-stacked-on-mobile\"><figure class=\"wp-block-media-text__media\"><img loading=\"lazy\" width=\"683\" height=\"1024\" src=\"http:\/\/eviedanse-pelissanne.fr\/wp-content\/uploads\/2025\/08\/5078787-683x1024.webp\" alt=\"\" class=\"wp-image-732 size-full\" srcset=\"http:\/\/eviedanse-pelissanne.fr\/wp-content\/uploads\/2025\/08\/5078787-683x1024.webp 683w, http:\/\/eviedanse-pelissanne.fr\/wp-content\/uploads\/2025\/08\/5078787-200x300.webp 200w, http:\/\/eviedanse-pelissanne.fr\/wp-content\/uploads\/2025\/08\/5078787-768x1152.webp 768w, http:\/\/eviedanse-pelissanne.fr\/wp-content\/uploads\/2025\/08\/5078787-1024x1536.webp 1024w, http:\/\/eviedanse-pelissanne.fr\/wp-content\/uploads\/2025\/08\/5078787-1365x2048.webp 1365w, http:\/\/eviedanse-pelissanne.fr\/wp-content\/uploads\/2025\/08\/5078787-scaled.webp 1707w\" sizes=\"(max-width: 683px) 100vw, 683px\" \/><\/figure><div class=\"wp-block-media-text__content\">\n<p>La premi\u00e8re danse reste l\u2019un des moments le plus magique d\u2019un mariage, c&rsquo;est la cerise sur le g\u00e2teau. C&rsquo;est surtout la premi\u00e8re danse en tant qu\u2019\u00e9poux. Un moment romantique et plein de douceur, mais pourquoi pas aussi un moment surprenant et d\u00e9lirant.&nbsp;M\u00ealer \u00e0 la magie, \u00e0 la po\u00e9sie et \u00e0 l&rsquo;amour de cet instant, faites de cette danse un joli moment de partage avec vos invit\u00e9s.&nbsp;<\/p>\n\n\n\n<p>Proposer une danse en couple ou pourquoi pas avec vos t\u00e9moins ou entre demoiselles d&rsquo;honneurs, tout est possible.&nbsp;Ou bien juste vous pr\u00e9parer \u00e0 \u00eatre \u00e0 l&rsquo;aise sur des musiques et des danses festives. Il n&rsquo;y a pas de meilleur moyen de faire parler de votre mariage !<\/p>\n\n\n\n<p>La professeure sera \u00e0 l&rsquo;\u00e9coute des attentes du couple pour cela d\u00e9finissez&nbsp;une, deux ou plusieurs chansons qui repr\u00e9sentent le mieux votre relation. Id\u00e9alement pr\u00e9voir les entra\u00eenements 3 mois avant le jour J. Les cours sont propos\u00e9s dans une salle de danse \u00e9quip\u00e9e ou \u00e0 votre domicile, dans les environs de Salon de Provence.<\/p>\n<\/div><\/div>\n\n\n\n<div class=\"wp-block-media-text alignwide is-stacked-on-mobile\"><figure class=\"wp-block-media-text__media\"><img loading=\"lazy\" width=\"683\" height=\"1024\" src=\"http:\/\/eviedanse-pelissanne.fr\/wp-content\/uploads\/2025\/08\/5885824-683x1024.webp\" alt=\"\" class=\"wp-image-733 size-full\" srcset=\"http:\/\/eviedanse-pelissanne.fr\/wp-content\/uploads\/2025\/08\/5885824-683x1024.webp 683w, http:\/\/eviedanse-pelissanne.fr\/wp-content\/uploads\/2025\/08\/5885824-200x300.webp 200w, http:\/\/eviedanse-pelissanne.fr\/wp-content\/uploads\/2025\/08\/5885824-768x1151.webp 768w, http:\/\/eviedanse-pelissanne.fr\/wp-content\/uploads\/2025\/08\/5885824-1025x1536.webp 1025w, http:\/\/eviedanse-pelissanne.fr\/wp-content\/uploads\/2025\/08\/5885824-1366x2048.webp 1366w, http:\/\/eviedanse-pelissanne.fr\/wp-content\/uploads\/2025\/08\/5885824-scaled.webp 1708w\" sizes=\"(max-width: 683px) 100vw, 683px\" \/><\/figure><div class=\"wp-block-media-text__content\">\n<h2 class=\"has-luminous-vivid-amber-color has-text-color\"><strong>COURS PARTICULIER<\/strong><\/h2>\n\n\n\n<p>Cours de danse ou s\u00e9ance de bien-\u00eatre. Ils s&rsquo;adressent \u00e0 tout public, danseurs ou non, pratiquants r\u00e9guliers ou pas. La professeure est \u00e0 votre enti\u00e8re disposition et \u00e9tablira un programme d&rsquo;exercices \u00e9volutifs et personnalis\u00e9s, et d&rsquo;un encha\u00eenement de pas adapt\u00e9s aux besoins de chacun.&nbsp;De ce fait, vous avancez \u00e0 votre rythme, avec un programme adapt\u00e9 \u00e0 votre niveau, \u00e0 vos envies et \u00e0 vos objectifs&nbsp;du moment.<\/p>\n\n\n\n<p>Les cours sont propos\u00e9s dans une salle de danse \u00e9quip\u00e9e ou \u00e0 votre domicile, dans les environs de Salon de Provence.<\/p>\n<\/div><\/div>\n","protected":false},"excerpt":{"rendered":"<p>WEDDING DANCE La premi\u00e8re danse reste l\u2019un des moments le plus magique d\u2019un mariage, c&rsquo;est la cerise sur le g\u00e2teau. C&rsquo;est surtout la premi\u00e8re danse en tant qu\u2019\u00e9poux. Un moment romantique et plein de douceur, mais pourquoi pas aussi un moment surprenant et d\u00e9lirant.&nbsp;M\u00ealer \u00e0 la magie, \u00e0 la po\u00e9sie et \u00e0 l&rsquo;amour de cet [&hellip;]<\/p>\n","protected":false},"author":2,"featured_media":0,"parent":0,"menu_order":0,"comment_status":"closed","ping_status":"closed","template":"","meta":[],"_links":{"self":[{"href":"http:\/\/eviedanse-pelissanne.fr\/index.php\/wp-json\/wp\/v2\/pages\/731"}],"collection":[{"href":"http:\/\/eviedanse-pelissanne.fr\/index.php\/wp-json\/wp\/v2\/pages"}],"about":[{"href":"http:\/\/eviedanse-pelissanne.fr\/index.php\/wp-json\/wp\/v2\/types\/page"}],"author":[{"embeddable":true,"href":"http:\/\/eviedanse-pelissanne.fr\/index.php\/wp-json\/wp\/v2\/users\/2"}],"replies":[{"embeddable":true,"href":"http:\/\/eviedanse-pelissanne.fr\/index.php\/wp-json\/wp\/v2\/comments?post=731"}],"version-history":[{"count":1,"href":"http:\/\/eviedanse-pelissanne.fr\/index.php\/wp-json\/wp\/v2\/pages\/731\/revisions"}],"predecessor-version":[{"id":734,"href":"http:\/\/eviedanse-pelissanne.fr\/index.php\/wp-json\/wp\/v2\/pages\/731\/revisions\/734"}],"wp:attachment":[{"href":"http:\/\/eviedanse-pelissanne.fr\/index.php\/wp-json\/wp\/v2\/media?parent=731"}],"curies":[{"name":"wp","href":"https:\/\/api.w.org\/{rel}","templated":true}]}}